{"id":6165,"date":"2021-04-27T17:42:21","date_gmt":"2021-04-27T15:42:21","guid":{"rendered":"https:\/\/el-gordo.org\/live\/"},"modified":"2021-09-01T17:52:45","modified_gmt":"2021-09-01T15:52:45","slug":"live","status":"publish","type":"page","link":"https:\/\/www.el-gordo.org\/es\/live\/","title":{"rendered":"El Gordo \u2b50 Ver el sorteo en directo"},"content":{"rendered":"<h1>El Gordo live &#8211; vive el sorteo de la loter\u00eda espa\u00f1ola en tiempo real<br \/>\n<\/h1>\n<p>\t\t\u00bfQuieres ver en directo si te ha tocado la <a href=\"https:\/\/www.el-gordo.org\/\" target=\"_blank\" rel=\"noopener\">loter\u00eda de El Gordo<\/a>? Entonces no deber\u00edas perderte ver el sorteo de El Gordo en directo. Pero, \u00bfa qu\u00e9 hora tiene lugar esto, y cu\u00e1ndo es exactamente el plazo? Hasta cu\u00e1ndo se pueden comprar los \u00faltimos <a href=\"https:\/\/www.el-gordo.org\/lose-kaufen\/\" target=\"_blank\" rel=\"noopener\">lotes<\/a>y d\u00f3nde puedo encontrar una transmisi\u00f3n en directo? A continuaci\u00f3n te respondo a todas las preguntas sobre el tema que siempre hacen los jugadores de la loter\u00eda. Adem\u00e1s, te mostrar\u00e9 lo que necesitas saber si te perdiste la transmisi\u00f3n en vivo de <b>El Gordo una vez <\/b>has.\u00a0\t\t<\/p>\n<h2>Los hechos m\u00e1s importantes de El Gordo en vivo en resumen<\/h2>\n<ul>\n<li style=\"font-weight: 400;\" aria-level=\"1\">No habr\u00e1 emisi\u00f3n en la televisi\u00f3n alemana<\/li>\n<li style=\"font-weight: 400;\" aria-level=\"1\">Para los jugadores alemanes no es sin embargo ning\u00fan problema seguir el sorteo de El Gordo<\/li>\n<li style=\"font-weight: 400;\" aria-level=\"1\">El sorteo de El Gordo podr\u00e1 verse por televisi\u00f3n v\u00eda sat\u00e9lite<\/li>\n<li style=\"font-weight: 400;\" aria-level=\"1\">Tambi\u00e9n puedes encontrar muchas retransmisiones en directo de El Gordo<\/li>\n<p> online.<\/p>\n<li style=\"font-weight: 400;\" aria-level=\"1\">Es imprescindible prestar atenci\u00f3n a los tiempos del sorteo<\/li>\n<li style=\"font-weight: 400;\" aria-level=\"1\">El sorteo de El Gordo bien puede durar seis horas<\/li>\n<h2>As\u00ed es como puedes ver el Gordo en directo por televisi\u00f3n<\/h2>\n<p>\t\tSea cual sea la variante de El Gordo que elijas, al principio parece imposible seguir el sorteo en tiempo real y experimentar la misma emoci\u00f3n que disfrutan los espa\u00f1oles. Porque: <b>Las cadenas de televisi\u00f3n alemanas no emiten el sorteo de El Gordo<\/b>, que goza de m\u00e1s del 50% de audiencia en Espa\u00f1a. \u00bfC\u00f3mo se puede participar en este emocionante evento?\u00a0<br \/>\nEn primer lugar, es importante que utilice la televisi\u00f3n por sat\u00e9lite. En ese caso, puede configurar a trav\u00e9s del sat\u00e9lite Astra 19,2\u00b0 Este para recibir los canales espa\u00f1oles. A continuaci\u00f3n, debe iniciarse una b\u00fasqueda de canales, que le proporcionar\u00e1 los canales adecuados. Pero, \u00bfen qu\u00e9 canal se emitir\u00e1 en directo el sorteo de El Gordo? Se trata de la cadena <b>espa\u00f1ola TVE<\/b>, que tambi\u00e9n se llama TVE Internacional Europa. Si, por el contrario, en un proveedor de cable, tienes que averiguar en su p\u00e1gina web, d\u00f3nde y c\u00f3mo se ofrecen los canales espa\u00f1oles..\t\t<\/p>\n<figure>\n\t\t\t\t\t\t\t\t\t\t<img loading=\"lazy\" decoding=\"async\" width=\"800\" height=\"600\" src=\"https:\/\/www.el-gordo.org\/wp-content\/uploads\/2021\/04\/Satelliten-Empfang-liefert-beste-Chancen-auf-den-El-Gordo-live-Stream-1024x768.jpg\" alt=\"\" loading=\"lazy\" srcset=\"https:\/\/www.el-gordo.org\/wp-content\/uploads\/2021\/04\/Satelliten-Empfang-liefert-beste-Chancen-auf-den-El-Gordo-live-Stream-1024x768.jpg 1024w, https:\/\/www.el-gordo.org\/wp-content\/uploads\/2021\/04\/Satelliten-Empfang-liefert-beste-Chancen-auf-den-El-Gordo-live-Stream-300x225.jpg 300w, https:\/\/www.el-gordo.org\/wp-content\/uploads\/2021\/04\/Satelliten-Empfang-liefert-beste-Chancen-auf-den-El-Gordo-live-Stream-768x576.jpg 768w, https:\/\/www.el-gordo.org\/wp-content\/uploads\/2021\/04\/Satelliten-Empfang-liefert-beste-Chancen-auf-den-El-Gordo-live-Stream-1536x1152.jpg 1536w, https:\/\/www.el-gordo.org\/wp-content\/uploads\/2021\/04\/Satelliten-Empfang-liefert-beste-Chancen-auf-den-El-Gordo-live-Stream.jpg 1600w\" sizes=\"auto, (max-width: 800px) 100vw, 800px\" \/><figcaption>Al sintonizarlo tienes la mejor oportunidad de recibir el canal espa\u00f1ol de TVE.<\/figcaption><\/figure>\n<h2>C\u00f3mo ver El Gordo en directo por Internet<br \/>\n<\/h2>\n<p>\t\tSi no quieres estar atado a la televisi\u00f3n por sat\u00e9lite, por supuesto puedes ver la retransmisi\u00f3n en directo de El Gordo por Internet. La cadena espa\u00f1ola <a href=\"https:\/\/www.rtve.es\/sorteos\/loteria-navidad\/directo\/\" target=\"_blank\" rel=\"noopener\">RTVE ofrece una retransmisi\u00f3n en directo de El Gordo online<\/a>que podr\u00e1s ver en cualquier dispositivo. Incluso es posible ver el sorteo de El Gordo sobre la marcha, por ejemplo con el tel\u00e9fono m\u00f3vil o la tableta. Tanto si quieres ver el <a href=\"https:\/\/www.el-gordo. org\/summerlottery\/\" target=\"_blank\" rel=\"noopener\">Loter\u00eda de Verano de El Gordo<\/a>quiere seguir o la tradicional loter\u00eda de Navidad en Espa\u00f1a es m\u00e1s su taza de t\u00e9 &#8211; el <b>streaming en l\u00ednea le hace un poco m\u00e1s flexible,<\/b>en cuanto a donde se lleva a cabo la transmisi\u00f3n.\u00a0<br \/>\nUna alternativa a esto es ver el sorteo de El Gordo en directo online con los proveedores de loter\u00eda. Aunque son muy pocos los operadores que lo ofrecen, cada a\u00f1o se puede encontrar en m\u00e1s lugares. De nuevo, puedes acceder al sorteo utilizando tu tel\u00e9fono m\u00f3vil o tableta, por lo que tienes un poco m\u00e1s de flexibilidad. Para seguir la retransmisi\u00f3n en directo, usted <b>debe estar registrado en el proveedor<\/b>. \t\t<\/p>\n<h2>\u00bfY si te perdiste el sorteo de El Gordo?<br \/>\n<\/h2>\n<p>\t\tSi ha olvidado o simplemente se ha perdido la hora correcta del sorteo de El Gordo en vivo, no tiene que preocuparse por sus posibles ganancias. Porque: Los n\u00fameros sorteados de la loter\u00eda son publicados por los proveedores en l\u00ednea directamente despu\u00e9s del sorteo y comprobados. Puedes <b>entrar en la web de tu operador favorito<\/b>directamente despu\u00e9s del sorteo de El Gordo para ver si tu n\u00famero de loter\u00eda es uno de los ganadores.\u00a0<br \/>\nPero eso no es todo: El proveedor de loter\u00eda, donde usted compr\u00f3 su billete de El Gordo, le informa <b>por correo electr\u00f3nico y SMS<\/b> directamente sobre sus ganancias. As\u00ed, aunque est\u00e9s en medio de una reuni\u00f3n o de camino a casa, no te perder\u00e1s las ganancias de tus sue\u00f1os. El regocijo es posible directamente despu\u00e9s del sorteo &#8211; el pago tambi\u00e9n es muy oportuno.\t\t<\/p>\n<h2>Esta es la hora correcta del sorteo de El Gordo<br \/>\n<\/h2>\n<p>\t\tComo probablemente sepas, los sorteos de El Gordo se celebran en <b>diferentes d\u00edas y horarios<\/b>cada vez. Porque: las loter\u00edas de El Gordo giran en torno a la Navidad, la Semana Santa y el verano o incluso Halloween. Qu\u00e9 tiempo de sorteo de El Gordo necesitas recordar, te lo cuento a continuaci\u00f3n con m\u00e1s detalle:.<\/p>\n<table>\n<tbody>\n<tr>\n<td><b>Loter\u00eda del Gordo<\/b><\/td>\n<td><b>D\u00eda del sorteo<\/b><\/td>\n<td><b>Hora<\/b><\/td>\n<\/tr>\n<tr>\n<td>Loter\u00eda de Navidad<\/td>\n<td>22.12.<\/td>\n<td>09:00am<\/td>\n<\/tr>\n<tr>\n<td>Loter\u00eda de verano<\/td>\n<td>Primer s\u00e1bado de julio<\/td>\n<td>1:00pm<\/td>\n<\/tr>\n<tr>\n<td>Loter\u00eda de Pascua<\/td>\n<td>Lunes de Pascua<\/td>\n<td>16:00<\/td>\n<\/tr>\n<tr>\n<td>Loter\u00eda de Halloween<\/td>\n<td>31 de octubre<\/td>\n<td>10:00pm<\/td>\n<\/tr>\n<\/tbody>\n<\/table>\n<p>Como puedes ver, se utilizan tiempos completamente diferentes. Es el caso de resaltar las fiestas o momentos especiales de forma agradable y <b>enriquecerlas con la emoci\u00f3n necesaria<\/b>.\u00a0\t\t<\/p>\n<h2>\u00bfCu\u00e1ndo es la fecha de cierre del billete de loter\u00eda de El Gordo?<br \/>\n<\/h2>\n<p>\t\tCon el tiempo del sorteo de El Gordo va tambi\u00e9n el plazo de venta de los billetes por tanto. Una y otra vez hay compradores de \u00faltima hora para descubrir, que quieren asegurarse en el \u00faltimo minuto, pero todav\u00eda un billete para las loter\u00edas. Que esto ya no es posible durante el sorteo de El Gordo en directo deber\u00eda explicarse por s\u00ed mismo. Por lo tanto, es importante saber que se pueden comprar los \u00faltimos billetes de El Gordo una hora antes del sorteo. A esa hora se cierran las ventas, as\u00ed que tendr\u00e1s que esperar al propio sorteo. Con esto, la <a href=\"https:\/\/www.loteriasyapuestas.es\/es\">Loteria y Apuestas<\/a> espa\u00f1ola se muestra muy <b>generosa y flexible<\/b>, en mi opini\u00f3n. Dado que es posible realizar una compra muy r\u00e1pida a trav\u00e9s de los vendedores online, tambi\u00e9n puedes hacerte con lotes extra en el \u00faltimo momento con ellos para asegurar tus posibilidades.\u00a0<br \/>\nSi se le ha pasado el plazo, no es motivo de luto. Porque: En cada trimestre, se establece una nueva loter\u00eda de El Gordo en las piernas, que te ofrece buenas posibilidades de ganar. As\u00ed que ya puedes <b>inmediatamente despu\u00e9s de la oportunidad perdida empezar a comprar nuevos billetes para la pr\u00f3xima loter\u00eda<\/b>. \t\t<\/p>\n<h2>Preguntas frecuentes: Respuestas importantes a las preguntas m\u00e1s frecuentes de los jugadores<\/h2>\n<p>\t\t\u00bfQuieres estar seguro de saber todo lo que necesitas saber sobre El Gordo y el sorteo? Entonces usted est\u00e1 en el lugar correcto: Usted encontrar\u00e1 aqu\u00ed <b>respuestas a todas las preguntas<\/b>n, los otros amantes de la loter\u00eda interesados &#8211; y tambi\u00e9n podr\u00eda ser importante para usted.\u00a0<\/p>\n<h3>\u00bfQu\u00e9 canal emite El Gordo en directo?<\/h3>\n<p>S\u00f3lo la cadena espa\u00f1ola TVE emite el sorteo del Gordo en directo. Si prefieres verlo online, puedes hacerlo a trav\u00e9s de la p\u00e1gina web de la cadena RTVE. As\u00ed que hay muchas maneras de estar al d\u00eda incluso <b>como jugador alem\u00e1n<\/b>.\u00a0<\/p>\n<h3>\u00bfCu\u00e1ndo se sortear\u00e1 El Gordo?<\/h3>\n<p>El sorteo de El Gordo se realiza en <b>d\u00edas y horarios muy diferentes<\/b>. Por ejemplo, mientras que la loter\u00eda de Navidad se sortea el 22 de diciembre a las 13:00 horas, puede ponerse al d\u00eda con el sorteo de la loter\u00eda de Halloween el 31 de octubre a las 22:00 horas.\u00a0<\/p>\n<h3>\u00bfC\u00f3mo sabr\u00e9 si he ganado en El Gordo?<\/h3>\n<p>Puedes averiguarlo a trav\u00e9s de la retransmisi\u00f3n en directo de El Gordo, o a trav\u00e9s del propio proveedor de loter\u00eda. Esta \u00faltima le enviar\u00e1 un <b>email o SMS<\/b>cuando su n\u00famero de boleto haya sido sorteado.\u00a0<\/p>\n<p>\t\t\t\t\t\t\t\t\t\t\t\t\t<a href=\"\/go\/\" target=\"_blank\" rel=\"nofollow noopener\"><br \/>\n\t\t\t\t\t\t\t<img loading=\"lazy\" decoding=\"async\" width=\"3456\" height=\"5760\" src=\"https:\/\/www.el-gordo.org\/wp-content\/uploads\/2021\/05\/es-BANNER.png\" alt=\"\" loading=\"lazy\" srcset=\"https:\/\/www.el-gordo.org\/wp-content\/uploads\/2021\/05\/es-BANNER.png 3456w, https:\/\/www.el-gordo.org\/wp-content\/uploads\/2021\/05\/es-BANNER-180x300.png 180w, https:\/\/www.el-gordo.org\/wp-content\/uploads\/2021\/05\/es-BANNER-614x1024.png 614w, https:\/\/www.el-gordo.org\/wp-content\/uploads\/2021\/05\/es-BANNER-768x1280.png 768w, https:\/\/www.el-gordo.org\/wp-content\/uploads\/2021\/05\/es-BANNER-922x1536.png 922w, https:\/\/www.el-gordo.org\/wp-content\/uploads\/2021\/05\/es-BANNER-1229x2048.png 1229w\" sizes=\"auto, (max-width: 3456px) 100vw, 3456px\" \/>\t\t\t\t\t\t\t\t<\/a><\/p>\n<h2>Ofertas exclusivas para lectores de lectores de El-Gordo.org<\/h2>\n<p>Reg\u00edstrese ahora para recibir el bolet\u00edn y reciba c\u00f3digos de cup\u00f3n y ofertas especiales. \u00a1Exclusivo y solo aqu\u00ed!<\/p>\n","protected":false},"excerpt":{"rendered":"<p>El Gordo live &#8211; vive el sorteo de la loter\u00eda espa\u00f1ola en tiempo real \u00bfQuieres ver en directo si te ha tocado la loter\u00eda de El Gordo? Entonces no deber\u00edas perderte ver el sorteo de El Gordo en directo. Pero, \u00bfa qu\u00e9 hora tiene lugar esto, y cu\u00e1ndo es exactamente el plazo? Hasta cu\u00e1ndo se [&hellip;]<\/p>\n","protected":false},"author":5,"featured_media":0,"parent":0,"menu_order":0,"comment_status":"closed","ping_status":"closed","template":"elementor_header_footer","meta":{"footnotes":""},"class_list":["post-6165","page","type-page","status-publish","hentry"],"yoast_head":"<!-- This site is optimized with the Yoast SEO plugin v27.3 - https:\/\/yoast.com\/product\/yoast-seo-wordpress\/ -->\n<title>El Gordo \u2b50 Ver el sorteo en directo<\/title>\n<meta name=\"description\" content=\"\u00bfExperimentar el Gordo en directo? Puedes disfrutar de la emoci\u00f3n del famoso sorteo transmiti\u00e9ndolo por streaming. Descubre c\u00f3mo puedes vivir el sorteo en directo ahora\u2713\" \/>\n<meta name=\"robots\" content=\"index, follow, max-snippet:-1, max-image-preview:large, max-video-preview:-1\" \/>\n<link rel=\"canonical\" href=\"https:\/\/www.el-gordo.org\/es\/live\/\" \/>\n<meta property=\"og:locale\" content=\"es_ES\" \/>\n<meta property=\"og:type\" content=\"article\" \/>\n<meta property=\"og:title\" content=\"El Gordo \u2b50 Ver el sorteo en directo\" \/>\n<meta property=\"og:description\" content=\"\u00bfExperimentar el Gordo en directo? Puedes disfrutar de la emoci\u00f3n del famoso sorteo transmiti\u00e9ndolo por streaming. Descubre c\u00f3mo puedes vivir el sorteo en directo ahora\u2713\" \/>\n<meta property=\"og:url\" content=\"https:\/\/www.el-gordo.org\/es\/live\/\" \/>\n<meta property=\"og:site_name\" content=\"El gordo\" \/>\n<meta property=\"article:modified_time\" content=\"2021-09-01T15:52:45+00:00\" \/>\n<meta property=\"og:image\" content=\"https:\/\/www.el-gordo.org\/wp-content\/uploads\/2021\/04\/Satelliten-Empfang-liefert-beste-Chancen-auf-den-El-Gordo-live-Stream-1024x768.jpg\" \/>\n<meta name=\"twitter:card\" content=\"summary_large_image\" \/>\n<meta name=\"twitter:label1\" content=\"Tiempo de lectura\" \/>\n\t<meta name=\"twitter:data1\" content=\"6 minutos\" \/>\n<script type=\"application\/ld+json\" class=\"yoast-schema-graph\">{\"@context\":\"https:\\\/\\\/schema.org\",\"@graph\":[{\"@type\":\"WebPage\",\"@id\":\"https:\\\/\\\/www.el-gordo.org\\\/es\\\/live\\\/\",\"url\":\"https:\\\/\\\/www.el-gordo.org\\\/es\\\/live\\\/\",\"name\":\"El Gordo \u2b50 Ver el sorteo en directo\",\"isPartOf\":{\"@id\":\"https:\\\/\\\/www.el-gordo.org\\\/es\\\/#website\"},\"primaryImageOfPage\":{\"@id\":\"https:\\\/\\\/www.el-gordo.org\\\/es\\\/live\\\/#primaryimage\"},\"image\":{\"@id\":\"https:\\\/\\\/www.el-gordo.org\\\/es\\\/live\\\/#primaryimage\"},\"thumbnailUrl\":\"https:\\\/\\\/www.el-gordo.org\\\/wp-content\\\/uploads\\\/2021\\\/04\\\/Satelliten-Empfang-liefert-beste-Chancen-auf-den-El-Gordo-live-Stream-1024x768.jpg\",\"datePublished\":\"2021-04-27T15:42:21+00:00\",\"dateModified\":\"2021-09-01T15:52:45+00:00\",\"description\":\"\u00bfExperimentar el Gordo en directo? Puedes disfrutar de la emoci\u00f3n del famoso sorteo transmiti\u00e9ndolo por streaming. Descubre c\u00f3mo puedes vivir el sorteo en directo ahora\u2713\",\"breadcrumb\":{\"@id\":\"https:\\\/\\\/www.el-gordo.org\\\/es\\\/live\\\/#breadcrumb\"},\"inLanguage\":\"es\",\"potentialAction\":[{\"@type\":\"ReadAction\",\"target\":[\"https:\\\/\\\/www.el-gordo.org\\\/es\\\/live\\\/\"]}]},{\"@type\":\"ImageObject\",\"inLanguage\":\"es\",\"@id\":\"https:\\\/\\\/www.el-gordo.org\\\/es\\\/live\\\/#primaryimage\",\"url\":\"https:\\\/\\\/www.el-gordo.org\\\/wp-content\\\/uploads\\\/2021\\\/04\\\/Satelliten-Empfang-liefert-beste-Chancen-auf-den-El-Gordo-live-Stream-1024x768.jpg\",\"contentUrl\":\"https:\\\/\\\/www.el-gordo.org\\\/wp-content\\\/uploads\\\/2021\\\/04\\\/Satelliten-Empfang-liefert-beste-Chancen-auf-den-El-Gordo-live-Stream-1024x768.jpg\"},{\"@type\":\"BreadcrumbList\",\"@id\":\"https:\\\/\\\/www.el-gordo.org\\\/es\\\/live\\\/#breadcrumb\",\"itemListElement\":[{\"@type\":\"ListItem\",\"position\":1,\"name\":\"Home\",\"item\":\"https:\\\/\\\/www.el-gordo.org\\\/es\\\/\"},{\"@type\":\"ListItem\",\"position\":2,\"name\":\"El Gordo \u2b50 Ver el sorteo en directo\"}]},{\"@type\":\"WebSite\",\"@id\":\"https:\\\/\\\/www.el-gordo.org\\\/es\\\/#website\",\"url\":\"https:\\\/\\\/www.el-gordo.org\\\/es\\\/\",\"name\":\"El gordo\",\"description\":\"#1 Usenet Resource on the WWW\",\"publisher\":{\"@id\":\"https:\\\/\\\/www.el-gordo.org\\\/es\\\/#organization\"},\"potentialAction\":[{\"@type\":\"SearchAction\",\"target\":{\"@type\":\"EntryPoint\",\"urlTemplate\":\"https:\\\/\\\/www.el-gordo.org\\\/es\\\/?s={search_term_string}\"},\"query-input\":{\"@type\":\"PropertyValueSpecification\",\"valueRequired\":true,\"valueName\":\"search_term_string\"}}],\"inLanguage\":\"es\"},{\"@type\":\"Organization\",\"@id\":\"https:\\\/\\\/www.el-gordo.org\\\/es\\\/#organization\",\"name\":\"El gordo\",\"url\":\"https:\\\/\\\/www.el-gordo.org\\\/es\\\/\",\"logo\":{\"@type\":\"ImageObject\",\"inLanguage\":\"es\",\"@id\":\"https:\\\/\\\/www.el-gordo.org\\\/es\\\/#\\\/schema\\\/logo\\\/image\\\/\",\"url\":\"https:\\\/\\\/www.el-gordo.org\\\/wp-content\\\/uploads\\\/2021\\\/03\\\/logo-el-gordo-removebg-preview.png\",\"contentUrl\":\"https:\\\/\\\/www.el-gordo.org\\\/wp-content\\\/uploads\\\/2021\\\/03\\\/logo-el-gordo-removebg-preview.png\",\"width\":296,\"height\":123,\"caption\":\"El gordo\"},\"image\":{\"@id\":\"https:\\\/\\\/www.el-gordo.org\\\/es\\\/#\\\/schema\\\/logo\\\/image\\\/\"}}]}<\/script>\n<!-- \/ Yoast SEO plugin. -->","yoast_head_json":{"title":"El Gordo \u2b50 Ver el sorteo en directo","description":"\u00bfExperimentar el Gordo en directo? Puedes disfrutar de la emoci\u00f3n del famoso sorteo transmiti\u00e9ndolo por streaming. Descubre c\u00f3mo puedes vivir el sorteo en directo ahora\u2713","robots":{"index":"index","follow":"follow","max-snippet":"max-snippet:-1","max-image-preview":"max-image-preview:large","max-video-preview":"max-video-preview:-1"},"canonical":"https:\/\/www.el-gordo.org\/es\/live\/","og_locale":"es_ES","og_type":"article","og_title":"El Gordo \u2b50 Ver el sorteo en directo","og_description":"\u00bfExperimentar el Gordo en directo? Puedes disfrutar de la emoci\u00f3n del famoso sorteo transmiti\u00e9ndolo por streaming. Descubre c\u00f3mo puedes vivir el sorteo en directo ahora\u2713","og_url":"https:\/\/www.el-gordo.org\/es\/live\/","og_site_name":"El gordo","article_modified_time":"2021-09-01T15:52:45+00:00","og_image":[{"url":"https:\/\/www.el-gordo.org\/wp-content\/uploads\/2021\/04\/Satelliten-Empfang-liefert-beste-Chancen-auf-den-El-Gordo-live-Stream-1024x768.jpg","type":"","width":"","height":""}],"twitter_card":"summary_large_image","twitter_misc":{"Tiempo de lectura":"6 minutos"},"schema":{"@context":"https:\/\/schema.org","@graph":[{"@type":"WebPage","@id":"https:\/\/www.el-gordo.org\/es\/live\/","url":"https:\/\/www.el-gordo.org\/es\/live\/","name":"El Gordo \u2b50 Ver el sorteo en directo","isPartOf":{"@id":"https:\/\/www.el-gordo.org\/es\/#website"},"primaryImageOfPage":{"@id":"https:\/\/www.el-gordo.org\/es\/live\/#primaryimage"},"image":{"@id":"https:\/\/www.el-gordo.org\/es\/live\/#primaryimage"},"thumbnailUrl":"https:\/\/www.el-gordo.org\/wp-content\/uploads\/2021\/04\/Satelliten-Empfang-liefert-beste-Chancen-auf-den-El-Gordo-live-Stream-1024x768.jpg","datePublished":"2021-04-27T15:42:21+00:00","dateModified":"2021-09-01T15:52:45+00:00","description":"\u00bfExperimentar el Gordo en directo? Puedes disfrutar de la emoci\u00f3n del famoso sorteo transmiti\u00e9ndolo por streaming. Descubre c\u00f3mo puedes vivir el sorteo en directo ahora\u2713","breadcrumb":{"@id":"https:\/\/www.el-gordo.org\/es\/live\/#breadcrumb"},"inLanguage":"es","potentialAction":[{"@type":"ReadAction","target":["https:\/\/www.el-gordo.org\/es\/live\/"]}]},{"@type":"ImageObject","inLanguage":"es","@id":"https:\/\/www.el-gordo.org\/es\/live\/#primaryimage","url":"https:\/\/www.el-gordo.org\/wp-content\/uploads\/2021\/04\/Satelliten-Empfang-liefert-beste-Chancen-auf-den-El-Gordo-live-Stream-1024x768.jpg","contentUrl":"https:\/\/www.el-gordo.org\/wp-content\/uploads\/2021\/04\/Satelliten-Empfang-liefert-beste-Chancen-auf-den-El-Gordo-live-Stream-1024x768.jpg"},{"@type":"BreadcrumbList","@id":"https:\/\/www.el-gordo.org\/es\/live\/#breadcrumb","itemListElement":[{"@type":"ListItem","position":1,"name":"Home","item":"https:\/\/www.el-gordo.org\/es\/"},{"@type":"ListItem","position":2,"name":"El Gordo \u2b50 Ver el sorteo en directo"}]},{"@type":"WebSite","@id":"https:\/\/www.el-gordo.org\/es\/#website","url":"https:\/\/www.el-gordo.org\/es\/","name":"El gordo","description":"#1 Usenet Resource on the WWW","publisher":{"@id":"https:\/\/www.el-gordo.org\/es\/#organization"},"potentialAction":[{"@type":"SearchAction","target":{"@type":"EntryPoint","urlTemplate":"https:\/\/www.el-gordo.org\/es\/?s={search_term_string}"},"query-input":{"@type":"PropertyValueSpecification","valueRequired":true,"valueName":"search_term_string"}}],"inLanguage":"es"},{"@type":"Organization","@id":"https:\/\/www.el-gordo.org\/es\/#organization","name":"El gordo","url":"https:\/\/www.el-gordo.org\/es\/","logo":{"@type":"ImageObject","inLanguage":"es","@id":"https:\/\/www.el-gordo.org\/es\/#\/schema\/logo\/image\/","url":"https:\/\/www.el-gordo.org\/wp-content\/uploads\/2021\/03\/logo-el-gordo-removebg-preview.png","contentUrl":"https:\/\/www.el-gordo.org\/wp-content\/uploads\/2021\/03\/logo-el-gordo-removebg-preview.png","width":296,"height":123,"caption":"El gordo"},"image":{"@id":"https:\/\/www.el-gordo.org\/es\/#\/schema\/logo\/image\/"}}]}},"_links":{"self":[{"href":"https:\/\/www.el-gordo.org\/es\/wp-json\/wp\/v2\/pages\/6165","targetHints":{"allow":["GET"]}}],"collection":[{"href":"https:\/\/www.el-gordo.org\/es\/wp-json\/wp\/v2\/pages"}],"about":[{"href":"https:\/\/www.el-gordo.org\/es\/wp-json\/wp\/v2\/types\/page"}],"author":[{"embeddable":true,"href":"https:\/\/www.el-gordo.org\/es\/wp-json\/wp\/v2\/users\/5"}],"replies":[{"embeddable":true,"href":"https:\/\/www.el-gordo.org\/es\/wp-json\/wp\/v2\/comments?post=6165"}],"version-history":[{"count":10,"href":"https:\/\/www.el-gordo.org\/es\/wp-json\/wp\/v2\/pages\/6165\/revisions"}],"predecessor-version":[{"id":7093,"href":"https:\/\/www.el-gordo.org\/es\/wp-json\/wp\/v2\/pages\/6165\/revisions\/7093"}],"wp:attachment":[{"href":"https:\/\/www.el-gordo.org\/es\/wp-json\/wp\/v2\/media?parent=6165"}],"curies":[{"name":"wp","href":"https:\/\/api.w.org\/{rel}","templated":true}]}}